{"id":52400,"date":"2025-12-31T11:22:03","date_gmt":"2025-12-31T10:22:03","guid":{"rendered":"https:\/\/www.powergun-terrain.fr\/?post_type=product&#038;p=52400"},"modified":"2026-03-30T20:17:15","modified_gmt":"2026-03-30T18:17:15","slug":"cqb-7-mars-2026","status":"publish","type":"product","link":"https:\/\/www.powergun-terrain.fr\/index.php\/produit\/cqb-7-mars-2026\/","title":{"rendered":"CQB 7 MARS 2026"},"content":{"rendered":"<p>D\u00e9couvrez notre<strong> CQB BY Powergun \u00e0 ORGEMONT <\/strong>de plus de 4500m\u00b2 avec plusieurs b\u00e2timents sur plusieurs niveaux avec une partie ext\u00e9rieur.<\/p>\n<p>&nbsp;<\/p>\n<p>Pas de panique si vous n&#8217;\u00eates pas \u00e9quip\u00e9 vous avez la possibilit\u00e9 de louer du mat\u00e9riel :<\/p>\n<ul>\n<li><strong>Pack Essentiel<\/strong>, cette location comprend une r\u00e9plique AEG M4 avec un chargeur de 300 billes ainsi qu&#8217;une protection int\u00e9grale pour le visage. <strong>25\u20ac<\/strong><\/li>\n<li><strong>Pack Essentiel +<\/strong>, cette location comprend une r\u00e9plique AEG M4 avec un chargeur de 300 billes, une bouteille de 3300 billes ASG ainsi qu&#8217;une protection int\u00e9grale pour le visage. <strong><strong>35\u20ac<\/strong><\/strong><\/li>\n<\/ul>\n<p><strong>Pour toute annulation de partie, vous pouvez l&#8217;annuler jusqu&#8217;\u00e0 48h avant l&#8217;\u00e9v\u00e8nement pass\u00e9 ce d\u00e9lai vous ne pourrez pas pr\u00e9tendre \u00e0 un remboursement. Les demandes d&#8217;annulations se font uniquement par mail \u00e0 contact@powergun.fr.<\/strong><\/p>\n<p>&nbsp;<\/p>\n<p><strong>L&#8217;adresse du terrain est : Chemin du Guot, 91590 Cerny<\/strong><\/p>\n<p><strong>Coordonn\u00e9es GPS : 48.48669, 2.29475<\/strong><\/p>\n<p>&nbsp;<\/p>\n<p><strong>Les horaires :<\/strong><\/p>\n<ul>\n<li>Ouverture de la grille 8h30<\/li>\n<li>Fermeture de la grille 9h15<\/li>\n<li>Chrony 9h15<\/li>\n<li>Briefing et d\u00e9but de partie 9h45 &#8211; 10h00<\/li>\n<li>Pause d\u00e9jeuner 13h00<\/li>\n<li>Reprise apr\u00e8s d\u00e9jeuner 14h00<\/li>\n<li>Fin de journ\u00e9e 17h00<\/li>\n<\/ul>\n<p>&nbsp;<\/p>\n<p>&nbsp;<\/p>\n<p>&nbsp;<\/p>\n2026\n<p>[dt_divider style=&#8221;thin&#8221; \/]<\/p>\n","protected":false},"excerpt":{"rendered":"<p>D\u00e9couvrez notre<strong> CQB BY Powergun \u00e0 ORGEMONT <\/strong>de plus de 4500m\u00b2 avec plusieurs b\u00e2timents sur plusieurs niveaux avec une partie ext\u00e9rieur.<\/p>\n<p>&nbsp;<\/p>\n<p>Pas de panique si vous n&#8217;\u00eates pas \u00e9quip\u00e9 vous avez la possibilit\u00e9 de louer du mat\u00e9riel :<\/p>\n<ul>\n<li><strong>Pack Essentiel<\/strong>, cette location comprend une r\u00e9plique AEG M4 avec un chargeur de 300 billes ainsi qu&#8217;une protection int\u00e9grale pour le visage. <strong>25\u20ac<\/strong><\/li>\n<li><strong>Pack Essentiel +<\/strong>, cette location comprend une r\u00e9plique AEG M4 avec un chargeur de 300 billes, une bouteille de 3300 billes ASG ainsi qu&#8217;une protection int\u00e9grale pour le visage. <strong>35\u20ac<\/strong><\/li>\n<\/ul>\n<p>Pour toute annulation de partie, vous pouvez l&#8217;annuler jusqu&#8217;\u00e0 48h avant l&#8217;\u00e9v\u00e8nement pass\u00e9 ce d\u00e9lai vous ne pourrez pas pr\u00e9tendre \u00e0 un remboursement. <strong> Les demandes d&#8217;annulations se font uniquement par mail \u00e0 contact@powergun.fr.<\/strong><\/p>\n<p>&nbsp;<\/p>\n","protected":false},"author":2,"featured_media":98,"comment_status":"open","ping_status":"closed","template":"","meta":[],"product_brand":[],"product_cat":[20],"product_tag":[],"class_list":{"0":"post-52400","1":"product","2":"type-product","3":"status-publish","4":"has-post-thumbnail","6":"product_cat-partie","7":"description-off","9":"first","10":"instock","11":"shipping-taxable","12":"purchasable","13":"product-type-variable","14":"has-default-attributes"},"_links":{"self":[{"href":"https:\/\/www.powergun-terrain.fr\/index.php\/wp-json\/wp\/v2\/product\/52400","targetHints":{"allow":["GET"]}}],"collection":[{"href":"https:\/\/www.powergun-terrain.fr\/index.php\/wp-json\/wp\/v2\/product"}],"about":[{"href":"https:\/\/www.powergun-terrain.fr\/index.php\/wp-json\/wp\/v2\/types\/product"}],"author":[{"embeddable":true,"href":"https:\/\/www.powergun-terrain.fr\/index.php\/wp-json\/wp\/v2\/users\/2"}],"replies":[{"embeddable":true,"href":"https:\/\/www.powergun-terrain.fr\/index.php\/wp-json\/wp\/v2\/comments?post=52400"}],"version-history":[{"count":1,"href":"https:\/\/www.powergun-terrain.fr\/index.php\/wp-json\/wp\/v2\/product\/52400\/revisions"}],"predecessor-version":[{"id":52405,"href":"https:\/\/www.powergun-terrain.fr\/index.php\/wp-json\/wp\/v2\/product\/52400\/revisions\/52405"}],"wp:featuredmedia":[{"embeddable":true,"href":"https:\/\/www.powergun-terrain.fr\/index.php\/wp-json\/wp\/v2\/media\/98"}],"wp:attachment":[{"href":"https:\/\/www.powergun-terrain.fr\/index.php\/wp-json\/wp\/v2\/media?parent=52400"}],"wp:term":[{"taxonomy":"product_brand","embeddable":true,"href":"https:\/\/www.powergun-terrain.fr\/index.php\/wp-json\/wp\/v2\/product_brand?post=52400"},{"taxonomy":"product_cat","embeddable":true,"href":"https:\/\/www.powergun-terrain.fr\/index.php\/wp-json\/wp\/v2\/product_cat?post=52400"},{"taxonomy":"product_tag","embeddable":true,"href":"https:\/\/www.powergun-terrain.fr\/index.php\/wp-json\/wp\/v2\/product_tag?post=52400"}],"curies":[{"name":"wp","href":"https:\/\/api.w.org\/{rel}","templated":true}]}}